{"id":20,"date":"2018-06-18T14:13:11","date_gmt":"2018-06-18T17:13:11","guid":{"rendered":"http:\/\/wpbarros.com.br\/?page_id=20"},"modified":"2019-10-16T12:08:05","modified_gmt":"2019-10-16T15:08:05","slug":"o-estilista","status":"publish","type":"page","link":"https:\/\/sandrobarros.com\/es\/o-estilista\/","title":{"rendered":"Sandro Barros"},"content":{"rendered":"<div class=\"text-width\">\n<h2 style=\"text-align:center\"> Sandro Barros <\/h2>\n<p>\nLa mayor referencia en la moda fiesta brasile\u00f1a, Sandro Barros fue durante 10 a\u00f1os el estilista de Daslu Couture y en 2012 abri\u00f3 su propia marca, el Atelier Sandro Barros, en un caser\u00f3n en el coraz\u00f3n de S\u00e3o Paulo.\n<\/p>\n<p>\nPor all\u00ed ya pasaron novias emblem\u00e1ticas, estrellas internacionales y una infinidad de mujeres de todas las generaciones en busca de la ropa perfecta para embalar sus sue\u00f1os, en las ocasiones m\u00e1s que especiales. Son bordados ejecutados en t\u00e9cnicas \u00fanicas y especializadas, encajes completamente hechos a mano, tejidos de alta calidad que cobran vida en formas femeninas y creaciones de alta experiencia artesanal.\n<\/p>\n<p>\nSus colecciones, con temas siempre muy esperados, reflejan la naturaleza n\u00f3mada y art\u00edstica del estilista, visitando \u00f3peras, destinos ex\u00f3ticos, colecciones de arte, la pasi\u00f3n por porcelanas, m\u00fasica e historia. A cada temporada, Sandro Barros agrega una nueva experiencia al vestuario que va del d\u00eda por la noche: piezas de cuero, estampas exclusivas, ropa infantil, la gama es inmensa.\n<\/p>\n<p>\nHoy, Sandro Barros atiende a clientes de todas las regiones del mundo y de Brasil y mantiene una l\u00ednea de ropa pr\u00eat-\u00e0-porter, la Sandro Barros Blue Label, disponible en el Atelier y en las mejores multimarcas de todo el pa\u00eds.<\/p>\n","protected":false},"excerpt":{"rendered":"<p>Sandro Barros La mayor referencia en la moda fiesta brasile\u00f1a, Sandro Barros fue durante 10 a\u00f1os el estilista de Daslu Couture y en 2012 abri\u00f3 su propia marca, el Atelier Sandro Barros, en un caser\u00f3n en el coraz\u00f3n de S\u00e3o Paulo. Por all\u00ed ya pasaron novias emblem\u00e1ticas, estrellas internacionales y una infinidad de mujeres de [&hellip;]<\/p>\n","protected":false},"author":1,"featured_media":0,"parent":0,"menu_order":0,"comment_status":"closed","ping_status":"closed","template":"","meta":[],"_links":{"self":[{"href":"https:\/\/sandrobarros.com\/es\/wp-json\/wp\/v2\/pages\/20"}],"collection":[{"href":"https:\/\/sandrobarros.com\/es\/wp-json\/wp\/v2\/pages"}],"about":[{"href":"https:\/\/sandrobarros.com\/es\/wp-json\/wp\/v2\/types\/page"}],"author":[{"embeddable":true,"href":"https:\/\/sandrobarros.com\/es\/wp-json\/wp\/v2\/users\/1"}],"replies":[{"embeddable":true,"href":"https:\/\/sandrobarros.com\/es\/wp-json\/wp\/v2\/comments?post=20"}],"version-history":[{"count":25,"href":"https:\/\/sandrobarros.com\/es\/wp-json\/wp\/v2\/pages\/20\/revisions"}],"predecessor-version":[{"id":377,"href":"https:\/\/sandrobarros.com\/es\/wp-json\/wp\/v2\/pages\/20\/revisions\/377"}],"wp:attachment":[{"href":"https:\/\/sandrobarros.com\/es\/wp-json\/wp\/v2\/media?parent=20"}],"curies":[{"name":"wp","href":"https:\/\/api.w.org\/{rel}","templated":true}]}}