{"id":65,"date":"2018-06-26T08:06:05","date_gmt":"2018-06-26T11:06:05","guid":{"rendered":"http:\/\/wpbarros.com.br\/?page_id=65"},"modified":"2018-08-20T16:00:12","modified_gmt":"2018-08-20T19:00:12","slug":"marca","status":"publish","type":"page","link":"https:\/\/sandrobarros.com\/es\/marca\/","title":{"rendered":"La Marca"},"content":{"rendered":"<div class=\"text-width\">\n<h2 style=\"text-align:center\"> La Marca <\/h2>\n<p>\nEl Atelier Sandro Barros traduce en vestidos el sue\u00f1o de cada mujer. Colocando con creatividad el coraz\u00f3n en cada pieza, la firma del croquis lleva todo el encanto y el afecto por las amigas y clientes fieles.\n<\/p>\n<p>\nLa uni\u00f3n de las letras &#8220;S&#8221; y &#8220;B&#8221; sirvieron como inspiraci\u00f3n para formar el s\u00edmbolo del infinito. El s\u00edmbolo tiene un color intenso y vivo, como las capas y texturas de los tejidos y de los bordados utilizados en las creaciones con la firma de Sandro Barros. Adem\u00e1s de los significados est\u00e9tico y emocional, el lazo muestra tambi\u00e9n la uni\u00f3n de las diferentes experiencias de la mano de obra artesanal que trabajan en el Atelier.\n<\/p>\n<\/div>\n","protected":false},"excerpt":{"rendered":"<p>La Marca El Atelier Sandro Barros traduce en vestidos el sue\u00f1o de cada mujer. Colocando con creatividad el coraz\u00f3n en cada pieza, la firma del croquis lleva todo el encanto y el afecto por las amigas y clientes fieles. La uni\u00f3n de las letras &#8220;S&#8221; y &#8220;B&#8221; sirvieron como inspiraci\u00f3n para formar el s\u00edmbolo del [&hellip;]<\/p>\n","protected":false},"author":1,"featured_media":0,"parent":0,"menu_order":0,"comment_status":"closed","ping_status":"closed","template":"","meta":[],"_links":{"self":[{"href":"https:\/\/sandrobarros.com\/es\/wp-json\/wp\/v2\/pages\/65"}],"collection":[{"href":"https:\/\/sandrobarros.com\/es\/wp-json\/wp\/v2\/pages"}],"about":[{"href":"https:\/\/sandrobarros.com\/es\/wp-json\/wp\/v2\/types\/page"}],"author":[{"embeddable":true,"href":"https:\/\/sandrobarros.com\/es\/wp-json\/wp\/v2\/users\/1"}],"replies":[{"embeddable":true,"href":"https:\/\/sandrobarros.com\/es\/wp-json\/wp\/v2\/comments?post=65"}],"version-history":[{"count":30,"href":"https:\/\/sandrobarros.com\/es\/wp-json\/wp\/v2\/pages\/65\/revisions"}],"predecessor-version":[{"id":292,"href":"https:\/\/sandrobarros.com\/es\/wp-json\/wp\/v2\/pages\/65\/revisions\/292"}],"wp:attachment":[{"href":"https:\/\/sandrobarros.com\/es\/wp-json\/wp\/v2\/media?parent=65"}],"curies":[{"name":"wp","href":"https:\/\/api.w.org\/{rel}","templated":true}]}}